{"id":1421,"date":"2022-07-27T14:50:41","date_gmt":"2022-07-27T06:50:41","guid":{"rendered":"https:\/\/staging.royalsuitesportbarton.com\/actividades\/"},"modified":"2024-08-13T04:07:39","modified_gmt":"2024-08-12T20:07:39","slug":"actividades","status":"publish","type":"page","link":"https:\/\/royalsuitesportbarton.com\/es\/actividades\/","title":{"rendered":"Actividades"},"content":{"rendered":"\t\t<div data-elementor-type=\"wp-page\" data-elementor-id=\"1421\" class=\"elementor elementor-1421 elementor-154\" data-elementor-post-type=\"page\">\n\t\t\t\t\t\t<section class=\"elementor-section elementor-top-section elementor-element elementor-element-ba39bd7 elementor-section-full_width elementor-section-stretched elementor-section-height-default elementor-section-height-default\" data-id=\"ba39bd7\" data-element_type=\"section\" data-settings=\"{&quot;stretch_section&quot;:&quot;section-stretched&quot;,&quot;background_background&quot;:&quot;classic&quot;}\">\n\t\t\t\t\t\t<div class=\"elementor-container elementor-column-gap-default\">\n\t\t\t\t\t<div class=\"elementor-column elementor-col-100 elementor-top-column elementor-element elementor-element-6d550e0\" data-id=\"6d550e0\" data-element_type=\"column\">\n\t\t\t<div class=\"elementor-widget-wrap elementor-element-populated\">\n\t\t\t\t\t\t<div class=\"elementor-element elementor-element-c45ac62 elementor-widget elementor-widget-heading\" data-id=\"c45ac62\" data-element_type=\"widget\" data-widget_type=\"heading.default\">\n\t\t\t\t<div class=\"elementor-widget-container\">\n\t\t\t\t\t<h1 class=\"elementor-heading-title elementor-size-default\">TIEMPO PARA RELAJARSE<\/h1>\t\t\t\t<\/div>\n\t\t\t\t<\/div>\n\t\t\t\t<section class=\"elementor-section elementor-inner-section elementor-element elementor-element-2cd0e30 elementor-section-full_width elementor-section-height-default elementor-section-height-default\" data-id=\"2cd0e30\" data-element_type=\"section\">\n\t\t\t\t\t\t<div class=\"elementor-container elementor-column-gap-default\">\n\t\t\t\t\t<div class=\"elementor-column elementor-col-50 elementor-inner-column elementor-element elementor-element-a33ef49\" data-id=\"a33ef49\" data-element_type=\"column\">\n\t\t\t<div class=\"elementor-widget-wrap elementor-element-populated\">\n\t\t\t\t\t\t<div class=\"elementor-element elementor-element-b2c2847 elementor-widget elementor-widget-global elementor-global-955 elementor-widget-shortcode\" data-id=\"b2c2847\" data-element_type=\"widget\" data-widget_type=\"shortcode.default\">\n\t\t\t\t<div class=\"elementor-widget-container\">\n\t\t\t\t\t\t\t<div class=\"elementor-shortcode\"><div id=\"simple-weather--3deaf8144649d7fca84aea970567cf0c\" class=\"simple-weather simple-weather--vue\" :style=\"atts.inline_css\">\n  <template v-if=\"style !== 'widget'\">\n    <span v-if=\"hasCurrentWeather()\" class=\"simple-weather__day simple-weather__day--current\">\n      <span v-if=\"filter_var(atts.show_units)\" class=\"simple-weather__date\">{{current_weather.dt | momentjs( atts.date )}}<\/span>\n      <i class=\"sw\" :class=\"getWeatherIcon(current_weather)\"><\/i>\n      <em class=\"simple-weather__temp\">{{current_weather.temp | temp}} &deg;<template v-if=\"filter_var(atts.show_units)\">{{units}}<\/template>\n      <\/em>\n    <\/span>\n    <template v-if=\"weather_feed\">\n      <span v-for=\"(day, index) in weather_feed\" v-if=\"isDayVisible(index, day)\" class=\"simple-weather__day\">\n        <span v-if=\"filter_var(atts.show_units)\" class=\"simple-weather__date\">{{day.dt | momentjs(atts.date)}}<\/span>\n        <i class=\"sw\" :class=\"getWeatherIcon(day)\"><\/i>\n        <em class=\"simple-weather__temp\">{{day.temp | temp}} &deg;<em class=\"simple-weather__temp-min\" v-if=\"filter_var(atts.night)\">{{day.temp_min | temp}} &deg;<\/em><template v-if=\"filter_var(atts.show_units)\">{{units}}<\/template><\/em>\n      <\/span>\n    <\/template>\n    <template v-else>\n      <span v-html=\"error\" class=\"error\"><\/span>\n    <\/template>\n  <\/template>\n  <template v-else>\n    <div class=\"simple-weather-widget\" v-if=\"current_weather.name || weather_feed\" :class=\"atts.inline_css ? 'simple-weather-widget--bg' : ''\">\n      <h4 class='widget_title' v-if=\"atts.title || current_weather.name\" v-text=\"atts.title ? atts.title : current_weather.name\"><\/h4>\n      <div class=\"temp\">\n        <span v-if=\"current_weather.temp\" class=\"degrees\">{{current_weather.temp | temp}} &deg;<\/span>\n        <span class=\"details\">\n          <template v-if=\"current_weather.humidity\">Humidity: <em class=\"float-right\">{{current_weather.humidity}}%<\/em><br><\/template>\n          <template v-if=\"current_weather.clouds\">Clouds: <em class=\"float-right\">{{current_weather.clouds}}%<\/em><br><\/template>\n          <template v-if=\"current_weather.wind\">Wind <small>({{current_weather.wind.deg}})<\/small>:\n          <em class=\"float-right\">{{current_weather.wind.speed}}<small>{{units_wind}}<\/small><\/em><\/template>\n        <\/span>\n      <\/div>\n      <div class=\"summary\">{{current_weather.desc}}<\/div>\n      <div class=\"simple-weather-table\" v-if=\"weather_feed\">\n        <div v-for=\"(day, index) in weather_feed\" v-if=\"index < atts.days\" class=\"simple-weather-table__row\">\n\t\t\t\t\t<div class=\"simple-weather-table__date\">{{day.dt | momentjs(atts.date)}}<\/div>\n\t\t\t\t\t<div class=\"simple-weather-table__icon\"><i class=\"sw\" :class=\"getWeatherIcon(day)\"><\/i><\/div>\n\t\t\t\t\t<div class=\"simple-weather-table__temp\">\n            {{day.temp | temp}}&deg;\n            <span class=\"simple-weather-table__temp-min\">{{day.temp_min | temp}} &deg;<\/span>\n          <\/div>\n        <\/div>\n      <\/div>\n    <\/div>\n  <\/template>\n<\/div>\n<\/div>\n\t\t\t\t\t\t<\/div>\n\t\t\t\t<\/div>\n\t\t\t\t\t<\/div>\n\t\t<\/div>\n\t\t\t\t<div class=\"elementor-column elementor-col-50 elementor-inner-column elementor-element elementor-element-58eb169\" data-id=\"58eb169\" data-element_type=\"column\">\n\t\t\t<div class=\"elementor-widget-wrap\">\n\t\t\t\t\t\t\t<\/div>\n\t\t<\/div>\n\t\t\t\t\t<\/div>\n\t\t<\/section>\n\t\t\t\t\t<\/div>\n\t\t<\/div>\n\t\t\t\t\t<\/div>\n\t\t<\/section>\n\t\t\t\t<section class=\"elementor-section elementor-top-section elementor-element elementor-element-2bf13105 elementor-section-full_width elementor-section-height-default elementor-section-height-default\" data-id=\"2bf13105\" data-element_type=\"section\" data-settings=\"{&quot;background_background&quot;:&quot;classic&quot;}\">\n\t\t\t\t\t\t\t<div class=\"elementor-background-overlay\"><\/div>\n\t\t\t\t\t\t\t<div class=\"elementor-container elementor-column-gap-default\">\n\t\t\t\t\t<div class=\"elementor-column elementor-col-50 elementor-top-column elementor-element elementor-element-64ab4efa\" data-id=\"64ab4efa\" data-element_type=\"column\">\n\t\t\t<div class=\"elementor-widget-wrap elementor-element-populated\">\n\t\t\t\t\t\t<div class=\"elementor-element elementor-element-55cefc97 elementor-widget elementor-widget-text-editor\" data-id=\"55cefc97\" data-element_type=\"widget\" data-widget_type=\"text-editor.default\">\n\t\t\t\t<div class=\"elementor-widget-container\">\n\t\t\t\t\t\t\t\t\t<h1>\u00a1Explora Filipinas con nosotros!<\/h1>\n\t\t\t\t\t\t\t\t<\/div>\n\t\t\t\t<\/div>\n\t\t\t\t\t<\/div>\n\t\t<\/div>\n\t\t\t\t<div class=\"elementor-column elementor-col-50 elementor-top-column elementor-element elementor-element-7d129a60\" data-id=\"7d129a60\" data-element_type=\"column\">\n\t\t\t<div class=\"elementor-widget-wrap elementor-element-populated\">\n\t\t\t\t\t\t<div class=\"elementor-element elementor-element-c65cabb elementor-mobile-align-center elementor-widget elementor-widget-button\" data-id=\"c65cabb\" data-element_type=\"widget\" data-widget_type=\"button.default\">\n\t\t\t\t<div class=\"elementor-widget-container\">\n\t\t\t\t\t\t\t\t\t<div class=\"elementor-button-wrapper\">\n\t\t\t\t\t<a class=\"elementor-button elementor-button-link elementor-size-sm\" href=\"#elementor-action%3Aaction%3Dpopup%3Aopen%26settings%3DeyJpZCI6MzMzNCwidG9nZ2xlIjpmYWxzZX0%3D\">\n\t\t\t\t\t\t<span class=\"elementor-button-content-wrapper\">\n\t\t\t\t\t\t\t\t\t<span class=\"elementor-button-text\">Reserva ahora<\/span>\n\t\t\t\t\t<\/span>\n\t\t\t\t\t<\/a>\n\t\t\t\t<\/div>\n\t\t\t\t\t\t\t\t<\/div>\n\t\t\t\t<\/div>\n\t\t\t\t\t<\/div>\n\t\t<\/div>\n\t\t\t\t\t<\/div>\n\t\t<\/section>\n\t\t\t\t<section class=\"elementor-section elementor-top-section elementor-element elementor-element-a9c5e81 elementor-section-full_width elementor-section-height-default elementor-section-height-default\" data-id=\"a9c5e81\" data-element_type=\"section\">\n\t\t\t\t\t\t<div class=\"elementor-container elementor-column-gap-default\">\n\t\t\t\t\t<div class=\"elementor-column elementor-col-50 elementor-top-column elementor-element elementor-element-a4582d7\" data-id=\"a4582d7\" data-element_type=\"column\">\n\t\t\t<div class=\"elementor-widget-wrap elementor-element-populated\">\n\t\t\t\t\t\t<div class=\"elementor-element elementor-element-5beac06 elementor-widget elementor-widget-image\" data-id=\"5beac06\" data-element_type=\"widget\" data-widget_type=\"image.default\">\n\t\t\t\t<div class=\"elementor-widget-container\">\n\t\t\t\t\t\t\t\t\t\t\t\t\t\t\t<img fetchpriority=\"high\" decoding=\"async\" width=\"675\" height=\"345\" src=\"https:\/\/royalsuitesportbarton.com\/wp-content\/uploads\/2022\/09\/swimming-turtles.jpg\" class=\"attachment-large size-large wp-image-587\" alt=\"swimming turtles palawan\" srcset=\"https:\/\/royalsuitesportbarton.com\/wp-content\/uploads\/2022\/09\/swimming-turtles.jpg 675w, https:\/\/royalsuitesportbarton.com\/wp-content\/uploads\/2022\/09\/swimming-turtles-300x153.jpg 300w\" sizes=\"(max-width: 675px) 100vw, 675px\" \/>\t\t\t\t\t\t\t\t\t\t\t\t\t\t\t<\/div>\n\t\t\t\t<\/div>\n\t\t\t\t<div class=\"elementor-element elementor-element-dc5dcbb elementor-widget elementor-widget-text-editor\" data-id=\"dc5dcbb\" data-element_type=\"widget\" data-widget_type=\"text-editor.default\">\n\t\t\t\t<div class=\"elementor-widget-container\">\n\t\t\t\t\t\t\t\t\t<p>NADANDO CON LAS TORTUGAS<\/p>\n\t\t\t\t\t\t\t\t<\/div>\n\t\t\t\t<\/div>\n\t\t\t\t<div class=\"elementor-element elementor-element-f4eca3a elementor-widget elementor-widget-text-editor\" data-id=\"f4eca3a\" data-element_type=\"widget\" data-widget_type=\"text-editor.default\">\n\t\t\t\t<div class=\"elementor-widget-container\">\n\t\t\t\t\t\t\t\t\t<p>A pocos metros de la costa, entre las playas privadas de la Isla Inaladelan<br \/>y la Isla Doble, podr\u00e1s nadar con las apacibles e imperturbables tortugas mientras se dan un fest\u00edn con la hierba marina del fondo del mar.<\/p>\n\t\t\t\t\t\t\t\t<\/div>\n\t\t\t\t<\/div>\n\t\t\t\t\t<\/div>\n\t\t<\/div>\n\t\t\t\t<div class=\"elementor-column elementor-col-50 elementor-top-column elementor-element elementor-element-a033bd5\" data-id=\"a033bd5\" data-element_type=\"column\">\n\t\t\t<div class=\"elementor-widget-wrap elementor-element-populated\">\n\t\t\t\t\t\t<div class=\"elementor-element elementor-element-17af75d elementor-widget elementor-widget-image\" data-id=\"17af75d\" data-element_type=\"widget\" data-widget_type=\"image.default\">\n\t\t\t\t<div class=\"elementor-widget-container\">\n\t\t\t\t\t\t\t\t\t\t\t\t\t\t\t<img decoding=\"async\" width=\"675\" height=\"345\" src=\"https:\/\/royalsuitesportbarton.com\/wp-content\/uploads\/2022\/09\/scuba-diving.jpg\" class=\"attachment-large size-large wp-image-585\" alt=\"scuba diving palawan\" srcset=\"https:\/\/royalsuitesportbarton.com\/wp-content\/uploads\/2022\/09\/scuba-diving.jpg 675w, https:\/\/royalsuitesportbarton.com\/wp-content\/uploads\/2022\/09\/scuba-diving-300x153.jpg 300w\" sizes=\"(max-width: 675px) 100vw, 675px\" \/>\t\t\t\t\t\t\t\t\t\t\t\t\t\t\t<\/div>\n\t\t\t\t<\/div>\n\t\t\t\t<div class=\"elementor-element elementor-element-9c90334 elementor-widget elementor-widget-text-editor\" data-id=\"9c90334\" data-element_type=\"widget\" data-widget_type=\"text-editor.default\">\n\t\t\t\t<div class=\"elementor-widget-container\">\n\t\t\t\t\t\t\t\t\t<p>BUCEO<\/p>\n\t\t\t\t\t\t\t\t<\/div>\n\t\t\t\t<\/div>\n\t\t\t\t<div class=\"elementor-element elementor-element-1c06537 elementor-widget elementor-widget-text-editor\" data-id=\"1c06537\" data-element_type=\"widget\" data-widget_type=\"text-editor.default\">\n\t\t\t\t<div class=\"elementor-widget-container\">\n\t\t\t\t\t\t\t\t\t<p>Haz un curso de submarinismo disponible en la ciudad y del\u00e9itate con la rica barrera de coral y la biodiversidad marina del mar.<\/p>\n\t\t\t\t\t\t\t\t<\/div>\n\t\t\t\t<\/div>\n\t\t\t\t\t<\/div>\n\t\t<\/div>\n\t\t\t\t\t<\/div>\n\t\t<\/section>\n\t\t\t\t<section class=\"elementor-section elementor-top-section elementor-element elementor-element-95e294a elementor-section-full_width elementor-section-height-default elementor-section-height-default\" data-id=\"95e294a\" data-element_type=\"section\">\n\t\t\t\t\t\t<div class=\"elementor-container elementor-column-gap-default\">\n\t\t\t\t\t<div class=\"elementor-column elementor-col-50 elementor-top-column elementor-element elementor-element-616d6e5\" data-id=\"616d6e5\" data-element_type=\"column\">\n\t\t\t<div class=\"elementor-widget-wrap elementor-element-populated\">\n\t\t\t\t\t\t<div class=\"elementor-element elementor-element-0d2cfdf elementor-widget elementor-widget-image\" data-id=\"0d2cfdf\" data-element_type=\"widget\" data-widget_type=\"image.default\">\n\t\t\t\t<div class=\"elementor-widget-container\">\n\t\t\t\t\t\t\t\t\t\t\t\t\t\t\t<img decoding=\"async\" width=\"675\" height=\"345\" src=\"https:\/\/royalsuitesportbarton.com\/wp-content\/uploads\/2022\/09\/snorkeling.jpg\" class=\"attachment-large size-large wp-image-586\" alt=\"snorkel palawan\" srcset=\"https:\/\/royalsuitesportbarton.com\/wp-content\/uploads\/2022\/09\/snorkeling.jpg 675w, https:\/\/royalsuitesportbarton.com\/wp-content\/uploads\/2022\/09\/snorkeling-300x153.jpg 300w\" sizes=\"(max-width: 675px) 100vw, 675px\" \/>\t\t\t\t\t\t\t\t\t\t\t\t\t\t\t<\/div>\n\t\t\t\t<\/div>\n\t\t\t\t<div class=\"elementor-element elementor-element-0a0decc elementor-widget elementor-widget-text-editor\" data-id=\"0a0decc\" data-element_type=\"widget\" data-widget_type=\"text-editor.default\">\n\t\t\t\t<div class=\"elementor-widget-container\">\n\t\t\t\t\t\t\t\t\t<p>SNORKELING<\/p>\n\t\t\t\t\t\t\t\t<\/div>\n\t\t\t\t<\/div>\n\t\t\t\t<div class=\"elementor-element elementor-element-287a305 elementor-widget elementor-widget-text-editor\" data-id=\"287a305\" data-element_type=\"widget\" data-widget_type=\"text-editor.default\">\n\t\t\t\t<div class=\"elementor-widget-container\">\n\t\t\t\t\t\t\t\t\t<p>La excursi\u00f3n de isla en isla tambi\u00e9n te llevar\u00e1 a los incre\u00edbles lugares de buceo con tubo de la colorida y rica biodiversidad marina del Acuario, el Arrecife Gemelo y m\u00e1s.<\/p>\n\t\t\t\t\t\t\t\t<\/div>\n\t\t\t\t<\/div>\n\t\t\t\t\t<\/div>\n\t\t<\/div>\n\t\t\t\t<div class=\"elementor-column elementor-col-50 elementor-top-column elementor-element elementor-element-51e208e\" data-id=\"51e208e\" data-element_type=\"column\">\n\t\t\t<div class=\"elementor-widget-wrap elementor-element-populated\">\n\t\t\t\t\t\t<div class=\"elementor-element elementor-element-20393ab elementor-widget elementor-widget-image\" data-id=\"20393ab\" data-element_type=\"widget\" data-widget_type=\"image.default\">\n\t\t\t\t<div class=\"elementor-widget-container\">\n\t\t\t\t\t\t\t\t\t\t\t\t\t\t\t<img loading=\"lazy\" decoding=\"async\" width=\"675\" height=\"345\" src=\"https:\/\/royalsuitesportbarton.com\/wp-content\/uploads\/2022\/09\/kayaking.jpg\" class=\"attachment-large size-large wp-image-584\" alt=\"kayak palawan\" srcset=\"https:\/\/royalsuitesportbarton.com\/wp-content\/uploads\/2022\/09\/kayaking.jpg 675w, https:\/\/royalsuitesportbarton.com\/wp-content\/uploads\/2022\/09\/kayaking-300x153.jpg 300w\" sizes=\"(max-width: 675px) 100vw, 675px\" \/>\t\t\t\t\t\t\t\t\t\t\t\t\t\t\t<\/div>\n\t\t\t\t<\/div>\n\t\t\t\t<div class=\"elementor-element elementor-element-756e7a0 elementor-widget elementor-widget-text-editor\" data-id=\"756e7a0\" data-element_type=\"widget\" data-widget_type=\"text-editor.default\">\n\t\t\t\t<div class=\"elementor-widget-container\">\n\t\t\t\t\t\t\t\t\t<p>KAYAK Y PADDLE SURF<\/p>\n\t\t\t\t\t\t\t\t<\/div>\n\t\t\t\t<\/div>\n\t\t\t\t<div class=\"elementor-element elementor-element-5e74e81 elementor-widget elementor-widget-text-editor\" data-id=\"5e74e81\" data-element_type=\"widget\" data-widget_type=\"text-editor.default\">\n\t\t\t\t<div class=\"elementor-widget-container\">\n\t\t\t\t\t\t\t\t\t<p>En la zona de la playa se pueden alquilar kayaks para 1 \u00f3 2 personas y tablas de paddle surf. Disfruta de la vista de toda la costa de Port Barton o rema hasta el banco de arena de Starfish o contempla la puesta de sol mientras est\u00e1s en el agua.<\/p>\n\t\t\t\t\t\t\t\t<\/div>\n\t\t\t\t<\/div>\n\t\t\t\t\t<\/div>\n\t\t<\/div>\n\t\t\t\t\t<\/div>\n\t\t<\/section>\n\t\t\t\t<\/div>\n\t\t","protected":false},"excerpt":{"rendered":"<p>TIEMPO PARA RELAJARSE \u00a1Explora Filipinas con nosotros! Reserva ahora NADANDO CON LAS TORTUGAS A pocos metros de la costa, entre las playas privadas de la Isla Inaladelany la Isla Doble, podr\u00e1s nadar con las apacibles e imperturbables tortugas mientras se dan un fest\u00edn con la hierba marina del fondo del mar. BUCEO Haz un curso [&hellip;]<\/p>\n","protected":false},"author":2,"featured_media":0,"parent":0,"menu_order":0,"comment_status":"closed","ping_status":"closed","template":"","meta":{"footnotes":""},"class_list":["post-1421","page","type-page","status-publish","hentry"],"yoast_head":"<!-- This site is optimized with the Yoast SEO plugin v24.4 - https:\/\/yoast.com\/wordpress\/plugins\/seo\/ -->\n<title>Actividades para disfrutar en Palawan | Royal Suites Port Barton<\/title>\n<meta name=\"description\" content=\"Consulta las distintas actividades de las que puedes disfrutar durante tu estancia en Palawan. \u00a1Desde submarinismo hasta kayak y paddle boarding!\" \/>\n<meta name=\"robots\" content=\"index, follow, max-snippet:-1, max-image-preview:large, max-video-preview:-1\" \/>\n<link rel=\"canonical\" href=\"https:\/\/royalsuitesportbarton.com\/es\/actividades\/\" \/>\n<meta property=\"og:locale\" content=\"es_ES\" \/>\n<meta property=\"og:type\" content=\"article\" \/>\n<meta property=\"og:title\" content=\"Actividades para disfrutar en Palawan | Royal Suites Port Barton\" \/>\n<meta property=\"og:description\" content=\"Consulta las distintas actividades de las que puedes disfrutar durante tu estancia en Palawan. \u00a1Desde submarinismo hasta kayak y paddle boarding!\" \/>\n<meta property=\"og:url\" content=\"https:\/\/royalsuitesportbarton.com\/es\/actividades\/\" \/>\n<meta property=\"og:site_name\" content=\"Royal Suites Port Barton\" \/>\n<meta property=\"article:modified_time\" content=\"2024-08-12T20:07:39+00:00\" \/>\n<meta property=\"og:image\" content=\"https:\/\/royalsuitesportbarton.com\/wp-content\/uploads\/2022\/09\/swimming-turtles.jpg\" \/>\n<meta name=\"twitter:card\" content=\"summary_large_image\" \/>\n<meta name=\"twitter:label1\" content=\"Tiempo de lectura\" \/>\n\t<meta name=\"twitter:data1\" content=\"2 minutos\" \/>\n<script type=\"application\/ld+json\" class=\"yoast-schema-graph\">{\"@context\":\"https:\/\/schema.org\",\"@graph\":[{\"@type\":\"WebPage\",\"@id\":\"https:\/\/royalsuitesportbarton.com\/es\/actividades\/\",\"url\":\"https:\/\/royalsuitesportbarton.com\/es\/actividades\/\",\"name\":\"Actividades para disfrutar en Palawan | Royal Suites Port Barton\",\"isPartOf\":{\"@id\":\"https:\/\/royalsuitesportbarton.com\/#website\"},\"primaryImageOfPage\":{\"@id\":\"https:\/\/royalsuitesportbarton.com\/es\/actividades\/#primaryimage\"},\"image\":{\"@id\":\"https:\/\/royalsuitesportbarton.com\/es\/actividades\/#primaryimage\"},\"thumbnailUrl\":\"https:\/\/royalsuitesportbarton.com\/wp-content\/uploads\/2022\/09\/swimming-turtles.jpg\",\"datePublished\":\"2022-07-27T06:50:41+00:00\",\"dateModified\":\"2024-08-12T20:07:39+00:00\",\"description\":\"Consulta las distintas actividades de las que puedes disfrutar durante tu estancia en Palawan. \u00a1Desde submarinismo hasta kayak y paddle boarding!\",\"breadcrumb\":{\"@id\":\"https:\/\/royalsuitesportbarton.com\/es\/actividades\/#breadcrumb\"},\"inLanguage\":\"es\",\"potentialAction\":[{\"@type\":\"ReadAction\",\"target\":[\"https:\/\/royalsuitesportbarton.com\/es\/actividades\/\"]}]},{\"@type\":\"ImageObject\",\"inLanguage\":\"es\",\"@id\":\"https:\/\/royalsuitesportbarton.com\/es\/actividades\/#primaryimage\",\"url\":\"https:\/\/royalsuitesportbarton.com\/wp-content\/uploads\/2022\/09\/swimming-turtles.jpg\",\"contentUrl\":\"https:\/\/royalsuitesportbarton.com\/wp-content\/uploads\/2022\/09\/swimming-turtles.jpg\"},{\"@type\":\"BreadcrumbList\",\"@id\":\"https:\/\/royalsuitesportbarton.com\/es\/actividades\/#breadcrumb\",\"itemListElement\":[{\"@type\":\"ListItem\",\"position\":1,\"name\":\"Home\",\"item\":\"https:\/\/royalsuitesportbarton.com\/es\/\"},{\"@type\":\"ListItem\",\"position\":2,\"name\":\"Actividades\"}]},{\"@type\":\"WebSite\",\"@id\":\"https:\/\/royalsuitesportbarton.com\/#website\",\"url\":\"https:\/\/royalsuitesportbarton.com\/\",\"name\":\"Royal Suites Port Barton\",\"description\":\"Royal Suites in Palawan\",\"publisher\":{\"@id\":\"https:\/\/royalsuitesportbarton.com\/#organization\"},\"potentialAction\":[{\"@type\":\"SearchAction\",\"target\":{\"@type\":\"EntryPoint\",\"urlTemplate\":\"https:\/\/royalsuitesportbarton.com\/?s={search_term_string}\"},\"query-input\":{\"@type\":\"PropertyValueSpecification\",\"valueRequired\":true,\"valueName\":\"search_term_string\"}}],\"inLanguage\":\"es\"},{\"@type\":\"Organization\",\"@id\":\"https:\/\/royalsuitesportbarton.com\/#organization\",\"name\":\"Royal Suites Port Barton\",\"url\":\"https:\/\/royalsuitesportbarton.com\/\",\"logo\":{\"@type\":\"ImageObject\",\"inLanguage\":\"es\",\"@id\":\"https:\/\/royalsuitesportbarton.com\/#\/schema\/logo\/image\/\",\"url\":\"https:\/\/royalsuitesportbarton.com\/wp-content\/uploads\/2022\/07\/logo-royalsuites-portbarton_255x205.png\",\"contentUrl\":\"https:\/\/royalsuitesportbarton.com\/wp-content\/uploads\/2022\/07\/logo-royalsuites-portbarton_255x205.png\",\"width\":255,\"height\":205,\"caption\":\"Royal Suites Port Barton\"},\"image\":{\"@id\":\"https:\/\/royalsuitesportbarton.com\/#\/schema\/logo\/image\/\"}}]}<\/script>\n<!-- \/ Yoast SEO plugin. -->","yoast_head_json":{"title":"Actividades para disfrutar en Palawan | Royal Suites Port Barton","description":"Consulta las distintas actividades de las que puedes disfrutar durante tu estancia en Palawan. \u00a1Desde submarinismo hasta kayak y paddle boarding!","robots":{"index":"index","follow":"follow","max-snippet":"max-snippet:-1","max-image-preview":"max-image-preview:large","max-video-preview":"max-video-preview:-1"},"canonical":"https:\/\/royalsuitesportbarton.com\/es\/actividades\/","og_locale":"es_ES","og_type":"article","og_title":"Actividades para disfrutar en Palawan | Royal Suites Port Barton","og_description":"Consulta las distintas actividades de las que puedes disfrutar durante tu estancia en Palawan. \u00a1Desde submarinismo hasta kayak y paddle boarding!","og_url":"https:\/\/royalsuitesportbarton.com\/es\/actividades\/","og_site_name":"Royal Suites Port Barton","article_modified_time":"2024-08-12T20:07:39+00:00","og_image":[{"url":"https:\/\/royalsuitesportbarton.com\/wp-content\/uploads\/2022\/09\/swimming-turtles.jpg","type":"","width":"","height":""}],"twitter_card":"summary_large_image","twitter_misc":{"Tiempo de lectura":"2 minutos"},"schema":{"@context":"https:\/\/schema.org","@graph":[{"@type":"WebPage","@id":"https:\/\/royalsuitesportbarton.com\/es\/actividades\/","url":"https:\/\/royalsuitesportbarton.com\/es\/actividades\/","name":"Actividades para disfrutar en Palawan | Royal Suites Port Barton","isPartOf":{"@id":"https:\/\/royalsuitesportbarton.com\/#website"},"primaryImageOfPage":{"@id":"https:\/\/royalsuitesportbarton.com\/es\/actividades\/#primaryimage"},"image":{"@id":"https:\/\/royalsuitesportbarton.com\/es\/actividades\/#primaryimage"},"thumbnailUrl":"https:\/\/royalsuitesportbarton.com\/wp-content\/uploads\/2022\/09\/swimming-turtles.jpg","datePublished":"2022-07-27T06:50:41+00:00","dateModified":"2024-08-12T20:07:39+00:00","description":"Consulta las distintas actividades de las que puedes disfrutar durante tu estancia en Palawan. \u00a1Desde submarinismo hasta kayak y paddle boarding!","breadcrumb":{"@id":"https:\/\/royalsuitesportbarton.com\/es\/actividades\/#breadcrumb"},"inLanguage":"es","potentialAction":[{"@type":"ReadAction","target":["https:\/\/royalsuitesportbarton.com\/es\/actividades\/"]}]},{"@type":"ImageObject","inLanguage":"es","@id":"https:\/\/royalsuitesportbarton.com\/es\/actividades\/#primaryimage","url":"https:\/\/royalsuitesportbarton.com\/wp-content\/uploads\/2022\/09\/swimming-turtles.jpg","contentUrl":"https:\/\/royalsuitesportbarton.com\/wp-content\/uploads\/2022\/09\/swimming-turtles.jpg"},{"@type":"BreadcrumbList","@id":"https:\/\/royalsuitesportbarton.com\/es\/actividades\/#breadcrumb","itemListElement":[{"@type":"ListItem","position":1,"name":"Home","item":"https:\/\/royalsuitesportbarton.com\/es\/"},{"@type":"ListItem","position":2,"name":"Actividades"}]},{"@type":"WebSite","@id":"https:\/\/royalsuitesportbarton.com\/#website","url":"https:\/\/royalsuitesportbarton.com\/","name":"Royal Suites Port Barton","description":"Royal Suites in Palawan","publisher":{"@id":"https:\/\/royalsuitesportbarton.com\/#organization"},"potentialAction":[{"@type":"SearchAction","target":{"@type":"EntryPoint","urlTemplate":"https:\/\/royalsuitesportbarton.com\/?s={search_term_string}"},"query-input":{"@type":"PropertyValueSpecification","valueRequired":true,"valueName":"search_term_string"}}],"inLanguage":"es"},{"@type":"Organization","@id":"https:\/\/royalsuitesportbarton.com\/#organization","name":"Royal Suites Port Barton","url":"https:\/\/royalsuitesportbarton.com\/","logo":{"@type":"ImageObject","inLanguage":"es","@id":"https:\/\/royalsuitesportbarton.com\/#\/schema\/logo\/image\/","url":"https:\/\/royalsuitesportbarton.com\/wp-content\/uploads\/2022\/07\/logo-royalsuites-portbarton_255x205.png","contentUrl":"https:\/\/royalsuitesportbarton.com\/wp-content\/uploads\/2022\/07\/logo-royalsuites-portbarton_255x205.png","width":255,"height":205,"caption":"Royal Suites Port Barton"},"image":{"@id":"https:\/\/royalsuitesportbarton.com\/#\/schema\/logo\/image\/"}}]}},"_links":{"self":[{"href":"https:\/\/royalsuitesportbarton.com\/es\/wp-json\/wp\/v2\/pages\/1421","targetHints":{"allow":["GET"]}}],"collection":[{"href":"https:\/\/royalsuitesportbarton.com\/es\/wp-json\/wp\/v2\/pages"}],"about":[{"href":"https:\/\/royalsuitesportbarton.com\/es\/wp-json\/wp\/v2\/types\/page"}],"author":[{"embeddable":true,"href":"https:\/\/royalsuitesportbarton.com\/es\/wp-json\/wp\/v2\/users\/2"}],"replies":[{"embeddable":true,"href":"https:\/\/royalsuitesportbarton.com\/es\/wp-json\/wp\/v2\/comments?post=1421"}],"version-history":[{"count":5,"href":"https:\/\/royalsuitesportbarton.com\/es\/wp-json\/wp\/v2\/pages\/1421\/revisions"}],"predecessor-version":[{"id":3317,"href":"https:\/\/royalsuitesportbarton.com\/es\/wp-json\/wp\/v2\/pages\/1421\/revisions\/3317"}],"wp:attachment":[{"href":"https:\/\/royalsuitesportbarton.com\/es\/wp-json\/wp\/v2\/media?parent=1421"}],"curies":[{"name":"wp","href":"https:\/\/api.w.org\/{rel}","templated":true}]}}