{"id":1437,"date":"2022-09-22T22:15:55","date_gmt":"2022-09-22T14:15:55","guid":{"rendered":"https:\/\/staging.royalsuitesportbarton.com\/politica-de-privacidad\/"},"modified":"2024-06-11T23:20:38","modified_gmt":"2024-06-11T15:20:38","slug":"politica-de-privacidad","status":"publish","type":"page","link":"https:\/\/royalsuitesportbarton.com\/es\/politica-de-privacidad\/","title":{"rendered":"Pol\u00edtica de privacidad"},"content":{"rendered":"\t\t<div data-elementor-type=\"wp-page\" data-elementor-id=\"1437\" class=\"elementor elementor-1437 elementor-927\" data-elementor-post-type=\"page\">\n\t\t\t\t\t\t<section class=\"elementor-section elementor-top-section elementor-element elementor-element-f4e25f8 elementor-section-boxed elementor-section-height-default elementor-section-height-default\" data-id=\"f4e25f8\" data-element_type=\"section\">\n\t\t\t\t\t\t<div class=\"elementor-container elementor-column-gap-default\">\n\t\t\t\t\t<div class=\"elementor-column elementor-col-100 elementor-top-column elementor-element elementor-element-4c70719\" data-id=\"4c70719\" data-element_type=\"column\">\n\t\t\t<div class=\"elementor-widget-wrap elementor-element-populated\">\n\t\t\t\t\t\t<div class=\"elementor-element elementor-element-0c55c52 elementor-widget elementor-widget-heading\" data-id=\"0c55c52\" data-element_type=\"widget\" data-widget_type=\"heading.default\">\n\t\t\t\t<div class=\"elementor-widget-container\">\n\t\t\t\t\t<h2 class=\"elementor-heading-title elementor-size-default\">Condiciones y pol\u00edtica de privacidad<\/h2>\t\t\t\t<\/div>\n\t\t\t\t<\/div>\n\t\t\t\t\t<\/div>\n\t\t<\/div>\n\t\t\t\t\t<\/div>\n\t\t<\/section>\n\t\t\t\t<section class=\"elementor-section elementor-top-section elementor-element elementor-element-11d61130 elementor-section-boxed elementor-section-height-default elementor-section-height-default\" data-id=\"11d61130\" data-element_type=\"section\">\n\t\t\t\t\t\t<div class=\"elementor-container elementor-column-gap-default\">\n\t\t\t\t\t<div class=\"elementor-column elementor-col-100 elementor-top-column elementor-element elementor-element-611b4969\" data-id=\"611b4969\" data-element_type=\"column\">\n\t\t\t<div class=\"elementor-widget-wrap elementor-element-populated\">\n\t\t\t\t\t\t<div class=\"elementor-element elementor-element-5a63c678 elementor-widget elementor-widget-text-editor\" data-id=\"5a63c678\" data-element_type=\"widget\" data-widget_type=\"text-editor.default\">\n\t\t\t\t<div class=\"elementor-widget-container\">\n\t\t\t\t\t\t\t\t\t\n<p><strong>DATOS DE IDENTIFICACI\u00d3N<\/strong><\/p>\n<p>Nombre comercial: ROYAL SUITES PORT BARTON<\/p>\n<p>Nombre legal: GROUPE BERDE INC<\/p>\n<p>Direcci\u00f3n: 2\/F BUILDING C METROWALK COMMERCIAL COMPLEX MERALCO AVE UGONG 1604 CITY OF PASIG NCR SECOND. 1604 METRO MANILA. FILIPINAS<\/p>\n<p>Correo electr\u00f3nico: admin@royalsuitesportbarton.com<\/p>\n<p>Tel: + 63 945 869 8084<\/p>\n<p> <\/p>\n<p><strong>POL\u00cdTICA, ASESORAMIENTO JUR\u00cdDICO Y PRIVACIDAD<\/strong><\/p>\n\n<ul>\n<li>Esta p\u00e1gina le informa de nuestras pol\u00edticas relativas a la recopilaci\u00f3n, el uso y la divulgaci\u00f3n de datos personales cuando utiliza nuestro Servicio y las opciones que tiene asociadas a esos datos.<br><br>Utilizamos sus datos para proporcionar y mejorar el Servicio. Al utilizar el Servicio, usted acepta la recopilaci\u00f3n y el uso de la informaci\u00f3n de acuerdo con esta pol\u00edtica. A menos que se defina lo contrario en esta Pol\u00edtica de Privacidad, los t\u00e9rminos utilizados en esta Pol\u00edtica de Privacidad tienen el mismo significado que en nuestros T\u00e9rminos y Condiciones, accesibles desde nuestros sitios web.<\/li>\n<\/ul>\n\n<p><strong>Recogida y uso de la informaci\u00f3n<\/strong><\/p>\n\n<ul>\n<li>Recogemos varios tipos de informaci\u00f3n con diversos fines para proporcionarle y mejorar nuestro Servicio. <\/li>\n<\/ul>\n\n<p><strong>Tipos de datos recogidos<\/strong><\/p>\n\n<ul>\n<li><strong>Datos personales<\/strong><br>Al utilizar nuestro Servicio, es posible que le pidamos que nos proporcione cierta informaci\u00f3n personal identificable que puede utilizarse para ponerse en contacto con usted o identificarle (\u00abDatos personales\u00bb). La informaci\u00f3n personal identificable puede incluir, pero no est\u00e1 limitada a:<\/li>\n<\/ul>\n\n<ul>\n<li>Direcci\u00f3n de correo elerctr\u00f3nico<\/li>\n<li>Nombre y apellidos<\/li>\n<li>N\u00famero de tel\u00e9fono<\/li>\n<li>Direcci\u00f3n, Estado, Provincia, C\u00f3digo postal, Ciudad<\/li>\n<li>Cookies y datos de uso<\/li>\n<\/ul>\n\n<p><strong>Datos de uso<\/strong><br>Tambi\u00e9n podemos recopilar informaci\u00f3n sobre c\u00f3mo se accede y se utiliza el Servicio (\u00abDatos de uso\u00bb). Estos datos de uso pueden incluir informaci\u00f3n como la direcci\u00f3n de protocolo de Internet de su ordenador (por ejemplo, la direcci\u00f3n IP), el tipo de navegador, la versi\u00f3n del navegador, las p\u00e1ginas de nuestro Servicio que visita, la hora y la fecha de su visita, el tiempo que pasa en esas p\u00e1ginas, los identificadores \u00fanicos del dispositivo y otros datos de diagn\u00f3stico.<\/p>\n\n<p><strong>Uso de los datos<\/strong><\/p>\n\n<p>Royal Suites utiliza los datos recogidos para diversos fines:<\/p>\n\n<ul>\n<li>Para proporcionar y mantener el Servicio<\/li>\n<li>Para notificarle los cambios en nuestro Servicio<\/li>\n<li>Para permitirle participar en las funciones interactivas de nuestro Servicio cuando decida hacerlo<\/li>\n<li>Para proporcionar atenci\u00f3n y apoyo al cliente<\/li>\n<li>Para proporcionar an\u00e1lisis o informaci\u00f3n valiosa para que podamos mejorar el Servicio<\/li>\n<li>Para controlar el uso del Servicio<\/li>\n<li>Para detectar, prevenir y resolver problemas t\u00e9cnicos<\/li>\n<\/ul>\n\n<p><strong>Transferencia de datos<\/strong><\/p>\n\n<ul>\n<li>Su informaci\u00f3n, incluidos los Datos Personales, puede ser transferida y mantenida en ordenadores situados fuera de su estado, provincia, pa\u00eds u otra jurisdicci\u00f3n gubernamental donde las leyes de protecci\u00f3n de datos pueden ser diferentes a las de su jurisdicci\u00f3n.<br><br>Si se encuentra fuera de los Estados Unidos y decide proporcionarnos informaci\u00f3n, tenga en cuenta que transferimos los datos, incluidos los datos personales, a los Estados Unidos y los procesamos all\u00ed.<br><br>Su consentimiento a la presente pol\u00edtica de privacidad, seguido del env\u00edo de dicha informaci\u00f3n, representa su acuerdo con dicha transferencia.<br><br>Royal Suites tomar\u00e1 todas las medidas razonablemente necesarias para garantizar que sus datos sean tratados de forma segura y de acuerdo con esta Pol\u00edtica de Privacidad y no se llevar\u00e1 a cabo ninguna transferencia de sus Datos Personales a una organizaci\u00f3n o un pa\u00eds a menos que haya controles adecuados que incluyan la seguridad de sus datos y otra informaci\u00f3n personal.<\/li>\n<\/ul>\n\n<p><strong>Divulgaci\u00f3n de datos<\/strong><\/p>\n\n<p><strong>Requerimientos legales<\/strong><br>Royal Suites puede revelar sus Datos Personales en la creencia de buena fe de que dicha acci\u00f3n es necesaria para:<\/p>\n\n<ul>\n<li>Cumplir con una obligaci\u00f3n legal<\/li>\n<li>Proteger y defender los derechos o la propiedad de Royal Suites <\/li>\n<li>Prevenir o investigar posibles infracciones en relaci\u00f3n con el Servicio<\/li>\n<li>Proteger la seguridad personal de los usuarios del Servicio o del p\u00fablico<\/li>\n<li>Protegerse de la responsabilidad legal<\/li>\n<\/ul>\n\n<p><strong>Seguridad de los datos<\/strong><\/p>\n\n<ul>\n<li>La seguridad de sus datos es importante para nosotros, pero recuerde que ning\u00fan m\u00e9todo de transmisi\u00f3n por Internet o de almacenamiento electr\u00f3nico es 100% seguro. Aunque nos esforzamos por utilizar medios comercialmente aceptables para proteger sus Datos Personales, no podemos garantizar su absoluta seguridad.<\/li>\n<\/ul>\n\n<p><strong>Proveedores de servicios<\/strong><\/p>\n\n<ul>\n<li>Podemos emplear a terceras empresas y personas para facilitar nuestro Servicio (\u00abProveedores de Servicios\u00bb), para proporcionar el Servicio en nuestro nombre, para realizar servicios relacionados con el Servicio o para ayudarnos a analizar c\u00f3mo se utiliza nuestro Servicio.<br><br>Estos terceros tienen acceso a sus Datos Personales \u00fanicamente para realizar estas tareas en nuestro nombre y est\u00e1n obligados a no divulgarlos ni utilizarlos para ning\u00fan otro fin.<\/li>\n<\/ul>\n\n<p><strong>Anal\u00edtica<\/strong><\/p>\n\n<ul>\n<li>Podemos utilizar proveedores de servicios de terceros para supervisar y analizar el uso de nuestro Servicio.<\/li>\n<\/ul>\n\n<p><strong>Google Analytics<\/strong><br>Google Analytics es un servicio de an\u00e1lisis web ofrecido por Google que rastrea e informa sobre el tr\u00e1fico del sitio web. Google utiliza los datos recogidos para rastrear y supervisar el uso de nuestro Servicio. Estos datos se comparten con otros servicios de Google. Google puede utilizar los datos recogidos para contextualizar y personalizar los anuncios de su propia red publicitaria.<br><br>Puede optar por no poner su actividad en el Servicio a disposici\u00f3n de Google Analytics instalando el complemento de inhabilitaci\u00f3n para navegadores de Google Analytics. El complemento evita que el JavaScript de Google Analytics (ga.js, analytics.js y dc.js) comparta informaci\u00f3n con Google Analytics sobre la actividad de las visitas.<br><br>Para obtener m\u00e1s informaci\u00f3n sobre las pr\u00e1cticas de privacidad de Google, visite la p\u00e1gina web de privacidad y condiciones de Google: <a href=\"https:\/\/policies.google.com\/privacy?hl=en\">https:\/\/policies.google.com\/privacy?hl=en<\/a><\/p>\n\n<p><strong>Enlaces a otros sitios<\/strong><\/p>\n\n<ul>\n<li>Nuestro Servicio puede contener enlaces a otros sitios que no son operados por nosotros. Si hace clic en un enlace de un tercero, ser\u00e1 dirigido al sitio de ese tercero. Le recomendamos encarecidamente que revise la pol\u00edtica de privacidad de cada sitio que visite.<br><br>No tenemos ning\u00fan control ni asumimos ninguna responsabilidad por el contenido, las pol\u00edticas de privacidad o las pr\u00e1cticas de los sitios o servicios de terceros.<\/li>\n<\/ul>\n\n<p><strong>Privacidad infantil<\/strong><\/p>\n\n<ul>\n<li>Nuestro Servicio no se dirige a menores de 18 a\u00f1os (\u00abNi\u00f1os\u00bb).<br><br>No recopilamos conscientemente informaci\u00f3n personal identificable de ninguna persona menor de 18 a\u00f1os. Si usted es un padre o tutor y tiene conocimiento de que sus hijos nos han proporcionado datos personales, p\u00f3ngase en contacto con nosotros. Si tenemos conocimiento de que hemos recogido datos personales de ni\u00f1os sin verificar el consentimiento de los padres, tomamos medidas para eliminar esa informaci\u00f3n de nuestros servidores.<\/li>\n<\/ul>\n\n<p><strong>Cambios en esta pol\u00edtica de privacidad<\/strong><\/p>\n\n<ul>\n<li>Podemos actualizar nuestra pol\u00edtica de privacidad de vez en cuando. Le notificaremos cualquier cambio publicando la nueva pol\u00edtica de privacidad en esta p\u00e1gina.<br><br>Se lo comunicaremos por correo electr\u00f3nico y\/o mediante un aviso destacado en nuestro Servicio, antes de que el cambio entre en vigor, y actualizaremos la \u00abfecha de entrada en vigor\u00bb en la parte superior de esta Pol\u00edtica de Privacidad.<br><br>Se le aconseja que revise peri\u00f3dicamente esta Pol\u00edtica de Privacidad para conocer cualquier cambio. Los cambios en la pol\u00edtica de privacidad entran en vigor cuando se publican en esta p\u00e1gina.<\/li>\n<\/ul>\n\n<p> <\/p>\n\n<p> <\/p>\n\t\t\t\t\t\t\t\t<\/div>\n\t\t\t\t<\/div>\n\t\t\t\t\t<\/div>\n\t\t<\/div>\n\t\t\t\t\t<\/div>\n\t\t<\/section>\n\t\t\t\t<\/div>\n\t\t","protected":false},"excerpt":{"rendered":"<p>Condiciones y pol\u00edtica de privacidad DATOS DE IDENTIFICACI\u00d3N Nombre comercial: ROYAL SUITES PORT BARTON Nombre legal: GROUPE BERDE INC Direcci\u00f3n: 2\/F BUILDING C METROWALK COMMERCIAL COMPLEX MERALCO AVE UGONG 1604 CITY OF PASIG NCR SECOND. 1604 METRO MANILA. FILIPINAS Correo electr\u00f3nico: admin@royalsuitesportbarton.com Tel: + 63 945 869 8084 POL\u00cdTICA, ASESORAMIENTO JUR\u00cdDICO Y PRIVACIDAD Esta p\u00e1gina [&hellip;]<\/p>\n","protected":false},"author":2,"featured_media":0,"parent":0,"menu_order":0,"comment_status":"closed","ping_status":"closed","template":"","meta":{"footnotes":""},"class_list":["post-1437","page","type-page","status-publish","hentry"],"yoast_head":"<!-- This site is optimized with the Yoast SEO plugin v24.4 - https:\/\/yoast.com\/wordpress\/plugins\/seo\/ -->\n<title>Pol\u00edtica de privacidad - Royal Suites Port Barton<\/title>\n<meta name=\"robots\" content=\"noindex, nofollow\" \/>\n<meta property=\"og:locale\" content=\"es_ES\" \/>\n<meta property=\"og:type\" content=\"article\" \/>\n<meta property=\"og:title\" content=\"Pol\u00edtica de privacidad - Royal Suites Port Barton\" \/>\n<meta property=\"og:description\" content=\"Condiciones y pol\u00edtica de privacidad DATOS DE IDENTIFICACI\u00d3N Nombre comercial: ROYAL SUITES PORT BARTON Nombre legal: GROUPE BERDE INC Direcci\u00f3n: 2\/F BUILDING C METROWALK COMMERCIAL COMPLEX MERALCO AVE UGONG 1604 CITY OF PASIG NCR SECOND. 1604 METRO MANILA. FILIPINAS Correo electr\u00f3nico: admin@royalsuitesportbarton.com Tel: + 63 945 869 8084 POL\u00cdTICA, ASESORAMIENTO JUR\u00cdDICO Y PRIVACIDAD Esta p\u00e1gina [&hellip;]\" \/>\n<meta property=\"og:url\" content=\"https:\/\/royalsuitesportbarton.com\/es\/politica-de-privacidad\/\" \/>\n<meta property=\"og:site_name\" content=\"Royal Suites Port Barton\" \/>\n<meta property=\"article:modified_time\" content=\"2024-06-11T15:20:38+00:00\" \/>\n<meta name=\"twitter:card\" content=\"summary_large_image\" \/>\n<meta name=\"twitter:label1\" content=\"Tiempo de lectura\" \/>\n\t<meta name=\"twitter:data1\" content=\"6 minutos\" \/>\n<script type=\"application\/ld+json\" class=\"yoast-schema-graph\">{\"@context\":\"https:\/\/schema.org\",\"@graph\":[{\"@type\":\"WebPage\",\"@id\":\"https:\/\/royalsuitesportbarton.com\/es\/politica-de-privacidad\/\",\"url\":\"https:\/\/royalsuitesportbarton.com\/es\/politica-de-privacidad\/\",\"name\":\"Pol\u00edtica de privacidad - Royal Suites Port Barton\",\"isPartOf\":{\"@id\":\"https:\/\/royalsuitesportbarton.com\/#website\"},\"datePublished\":\"2022-09-22T14:15:55+00:00\",\"dateModified\":\"2024-06-11T15:20:38+00:00\",\"breadcrumb\":{\"@id\":\"https:\/\/royalsuitesportbarton.com\/es\/politica-de-privacidad\/#breadcrumb\"},\"inLanguage\":\"es\",\"potentialAction\":[{\"@type\":\"ReadAction\",\"target\":[\"https:\/\/royalsuitesportbarton.com\/es\/politica-de-privacidad\/\"]}]},{\"@type\":\"BreadcrumbList\",\"@id\":\"https:\/\/royalsuitesportbarton.com\/es\/politica-de-privacidad\/#breadcrumb\",\"itemListElement\":[{\"@type\":\"ListItem\",\"position\":1,\"name\":\"Home\",\"item\":\"https:\/\/royalsuitesportbarton.com\/es\/\"},{\"@type\":\"ListItem\",\"position\":2,\"name\":\"Pol\u00edtica de privacidad\"}]},{\"@type\":\"WebSite\",\"@id\":\"https:\/\/royalsuitesportbarton.com\/#website\",\"url\":\"https:\/\/royalsuitesportbarton.com\/\",\"name\":\"Royal Suites Port Barton\",\"description\":\"Royal Suites in Palawan\",\"publisher\":{\"@id\":\"https:\/\/royalsuitesportbarton.com\/#organization\"},\"potentialAction\":[{\"@type\":\"SearchAction\",\"target\":{\"@type\":\"EntryPoint\",\"urlTemplate\":\"https:\/\/royalsuitesportbarton.com\/?s={search_term_string}\"},\"query-input\":{\"@type\":\"PropertyValueSpecification\",\"valueRequired\":true,\"valueName\":\"search_term_string\"}}],\"inLanguage\":\"es\"},{\"@type\":\"Organization\",\"@id\":\"https:\/\/royalsuitesportbarton.com\/#organization\",\"name\":\"Royal Suites Port Barton\",\"url\":\"https:\/\/royalsuitesportbarton.com\/\",\"logo\":{\"@type\":\"ImageObject\",\"inLanguage\":\"es\",\"@id\":\"https:\/\/royalsuitesportbarton.com\/#\/schema\/logo\/image\/\",\"url\":\"https:\/\/royalsuitesportbarton.com\/wp-content\/uploads\/2022\/07\/logo-royalsuites-portbarton_255x205.png\",\"contentUrl\":\"https:\/\/royalsuitesportbarton.com\/wp-content\/uploads\/2022\/07\/logo-royalsuites-portbarton_255x205.png\",\"width\":255,\"height\":205,\"caption\":\"Royal Suites Port Barton\"},\"image\":{\"@id\":\"https:\/\/royalsuitesportbarton.com\/#\/schema\/logo\/image\/\"}}]}<\/script>\n<!-- \/ Yoast SEO plugin. -->","yoast_head_json":{"title":"Pol\u00edtica de privacidad - Royal Suites Port Barton","robots":{"index":"noindex","follow":"nofollow"},"og_locale":"es_ES","og_type":"article","og_title":"Pol\u00edtica de privacidad - Royal Suites Port Barton","og_description":"Condiciones y pol\u00edtica de privacidad DATOS DE IDENTIFICACI\u00d3N Nombre comercial: ROYAL SUITES PORT BARTON Nombre legal: GROUPE BERDE INC Direcci\u00f3n: 2\/F BUILDING C METROWALK COMMERCIAL COMPLEX MERALCO AVE UGONG 1604 CITY OF PASIG NCR SECOND. 1604 METRO MANILA. FILIPINAS Correo electr\u00f3nico: admin@royalsuitesportbarton.com Tel: + 63 945 869 8084 POL\u00cdTICA, ASESORAMIENTO JUR\u00cdDICO Y PRIVACIDAD Esta p\u00e1gina [&hellip;]","og_url":"https:\/\/royalsuitesportbarton.com\/es\/politica-de-privacidad\/","og_site_name":"Royal Suites Port Barton","article_modified_time":"2024-06-11T15:20:38+00:00","twitter_card":"summary_large_image","twitter_misc":{"Tiempo de lectura":"6 minutos"},"schema":{"@context":"https:\/\/schema.org","@graph":[{"@type":"WebPage","@id":"https:\/\/royalsuitesportbarton.com\/es\/politica-de-privacidad\/","url":"https:\/\/royalsuitesportbarton.com\/es\/politica-de-privacidad\/","name":"Pol\u00edtica de privacidad - Royal Suites Port Barton","isPartOf":{"@id":"https:\/\/royalsuitesportbarton.com\/#website"},"datePublished":"2022-09-22T14:15:55+00:00","dateModified":"2024-06-11T15:20:38+00:00","breadcrumb":{"@id":"https:\/\/royalsuitesportbarton.com\/es\/politica-de-privacidad\/#breadcrumb"},"inLanguage":"es","potentialAction":[{"@type":"ReadAction","target":["https:\/\/royalsuitesportbarton.com\/es\/politica-de-privacidad\/"]}]},{"@type":"BreadcrumbList","@id":"https:\/\/royalsuitesportbarton.com\/es\/politica-de-privacidad\/#breadcrumb","itemListElement":[{"@type":"ListItem","position":1,"name":"Home","item":"https:\/\/royalsuitesportbarton.com\/es\/"},{"@type":"ListItem","position":2,"name":"Pol\u00edtica de privacidad"}]},{"@type":"WebSite","@id":"https:\/\/royalsuitesportbarton.com\/#website","url":"https:\/\/royalsuitesportbarton.com\/","name":"Royal Suites Port Barton","description":"Royal Suites in Palawan","publisher":{"@id":"https:\/\/royalsuitesportbarton.com\/#organization"},"potentialAction":[{"@type":"SearchAction","target":{"@type":"EntryPoint","urlTemplate":"https:\/\/royalsuitesportbarton.com\/?s={search_term_string}"},"query-input":{"@type":"PropertyValueSpecification","valueRequired":true,"valueName":"search_term_string"}}],"inLanguage":"es"},{"@type":"Organization","@id":"https:\/\/royalsuitesportbarton.com\/#organization","name":"Royal Suites Port Barton","url":"https:\/\/royalsuitesportbarton.com\/","logo":{"@type":"ImageObject","inLanguage":"es","@id":"https:\/\/royalsuitesportbarton.com\/#\/schema\/logo\/image\/","url":"https:\/\/royalsuitesportbarton.com\/wp-content\/uploads\/2022\/07\/logo-royalsuites-portbarton_255x205.png","contentUrl":"https:\/\/royalsuitesportbarton.com\/wp-content\/uploads\/2022\/07\/logo-royalsuites-portbarton_255x205.png","width":255,"height":205,"caption":"Royal Suites Port Barton"},"image":{"@id":"https:\/\/royalsuitesportbarton.com\/#\/schema\/logo\/image\/"}}]}},"_links":{"self":[{"href":"https:\/\/royalsuitesportbarton.com\/es\/wp-json\/wp\/v2\/pages\/1437","targetHints":{"allow":["GET"]}}],"collection":[{"href":"https:\/\/royalsuitesportbarton.com\/es\/wp-json\/wp\/v2\/pages"}],"about":[{"href":"https:\/\/royalsuitesportbarton.com\/es\/wp-json\/wp\/v2\/types\/page"}],"author":[{"embeddable":true,"href":"https:\/\/royalsuitesportbarton.com\/es\/wp-json\/wp\/v2\/users\/2"}],"replies":[{"embeddable":true,"href":"https:\/\/royalsuitesportbarton.com\/es\/wp-json\/wp\/v2\/comments?post=1437"}],"version-history":[{"count":4,"href":"https:\/\/royalsuitesportbarton.com\/es\/wp-json\/wp\/v2\/pages\/1437\/revisions"}],"predecessor-version":[{"id":3039,"href":"https:\/\/royalsuitesportbarton.com\/es\/wp-json\/wp\/v2\/pages\/1437\/revisions\/3039"}],"wp:attachment":[{"href":"https:\/\/royalsuitesportbarton.com\/es\/wp-json\/wp\/v2\/media?parent=1437"}],"curies":[{"name":"wp","href":"https:\/\/api.w.org\/{rel}","templated":true}]}}